{"id":6902,"date":"2021-11-19T11:28:00","date_gmt":"2021-11-19T10:28:00","guid":{"rendered":"https:\/\/devkm07102025.dhagpo-sandbox.org\/kagyue-moenlam-2020\/"},"modified":"2024-11-13T20:13:54","modified_gmt":"2024-11-13T19:13:54","slug":"kagyue-moenlam-2020","status":"publish","type":"page","link":"https:\/\/devkm07102025.dhagpo-sandbox.org\/de\/kagyue-moenlam-2020\/","title":{"rendered":"Kagyu Monlam 2020"},"content":{"rendered":"<p>[et_pb_section fb_built=&#8220;1&#8243; _builder_version=&#8220;4.23.1&#8243; _module_preset=&#8220;default&#8220; background_enable_color=&#8220;off&#8220; background_image=&#8220;https:\/\/devkm07102025.dhagpo-sandbox.org\/wp-content\/uploads\/2023\/11\/KM2020-V3-scaled.jpg&#8220; custom_padding=&#8220;8px||8px||false|false&#8220; hover_enabled=&#8220;0&#8243; locked=&#8220;off&#8220; global_colors_info=&#8220;{}&#8220; theme_builder_area=&#8220;post_content&#8220; title_text=&#8220;KM2020-V3&#8243; sticky_enabled=&#8220;0&#8243;][et_pb_row _builder_version=&#8220;4.16&#8243; _module_preset=&#8220;default&#8220; width=&#8220;85%&#8220; max_width=&#8220;100%&#8220; custom_margin=&#8220;3px|auto|11px|auto||&#8220; custom_padding=&#8220;17px||342px|||&#8220; global_colors_info=&#8220;{}&#8220; theme_builder_area=&#8220;post_content&#8220;][et_pb_column type=&#8220;4_4&#8243; _builder_version=&#8220;4.16&#8243; _module_preset=&#8220;default&#8220; global_colors_info=&#8220;{}&#8220; theme_builder_area=&#8220;post_content&#8220;][\/et_pb_column][\/et_pb_row][\/et_pb_section][et_pb_section fb_built=&#8220;1&#8243; _builder_version=&#8220;4.16&#8243; _module_preset=&#8220;default&#8220; custom_margin=&#8220;0px||0px||false|false&#8220; custom_padding=&#8220;0px||0px||false|false&#8220; global_colors_info=&#8220;{}&#8220; theme_builder_area=&#8220;post_content&#8220;][et_pb_row _builder_version=&#8220;4.16&#8243; _module_preset=&#8220;default&#8220; width=&#8220;90%&#8220; max_width=&#8220;100%&#8220; custom_padding=&#8220;5px||5px||false|false&#8220; global_colors_info=&#8220;{}&#8220; theme_builder_area=&#8220;post_content&#8220;][et_pb_column type=&#8220;4_4&#8243; _builder_version=&#8220;4.16&#8243; _module_preset=&#8220;default&#8220; global_colors_info=&#8220;{}&#8220; theme_builder_area=&#8220;post_content&#8220;][et_pb_button button_url=&#8220;https:\/\/www.karmapa.org\/kagyu-monlam-2020-impressions-photos\/&#8220; url_new_window=&#8220;on&#8220; button_text=&#8220;Fotos auf Karmapas Website verf\u00fcgbar&#8220; button_alignment=&#8220;right&#8220; _builder_version=&#8220;4.16&#8243; _module_preset=&#8220;default&#8220; custom_button=&#8220;on&#8220; button_text_size=&#8220;14px&#8220; button_border_width=&#8220;0px&#8220; button_border_color=&#8220;#8B2331&#8243; custom_margin=&#8220;0px|0px|0px|0px|false|false&#8220; custom_padding=&#8220;0px|0px|0px|0px|false|false&#8220; global_colors_info=&#8220;{}&#8220; theme_builder_area=&#8220;post_content&#8220;][\/et_pb_button][\/et_pb_column][\/et_pb_row][\/et_pb_section][et_pb_section fb_built=&#8220;1&#8243; _builder_version=&#8220;4.16&#8243; _module_preset=&#8220;default&#8220; custom_padding=&#8220;6px|||||&#8220; global_colors_info=&#8220;{}&#8220; theme_builder_area=&#8220;post_content&#8220;][et_pb_row _builder_version=&#8220;4.18.1&#8243; _module_preset=&#8220;default&#8220; width_tablet=&#8220;80%&#8220; width_phone=&#8220;80%&#8220; width_last_edited=&#8220;off|desktop&#8220; custom_margin=&#8220;-2px|auto||auto||&#8220; custom_padding=&#8220;17px||0px|||&#8220; locked=&#8220;off&#8220; global_colors_info=&#8220;{}&#8220; theme_builder_area=&#8220;post_content&#8220;][et_pb_column type=&#8220;4_4&#8243; _builder_version=&#8220;4.16&#8243; _module_preset=&#8220;default&#8220; global_colors_info=&#8220;{}&#8220; theme_builder_area=&#8220;post_content&#8220;][et_pb_text admin_label=&#8220;Infos pratiques&#8220; module_id=&#8220;revoir-KM2020&#8243; _builder_version=&#8220;4.16&#8243; _module_preset=&#8220;default&#8220; header_2_font=&#8220;|300|||||||&#8220; header_2_font_size=&#8220;24px&#8220; header_2_line_height=&#8220;1.3em&#8220; background_color=&#8220;#F4F4F4&#8243; width=&#8220;70%&#8220; width_tablet=&#8220;100%&#8220; width_phone=&#8220;100%&#8220; width_last_edited=&#8220;on|phone&#8220; custom_margin=&#8220;||11px|||&#8220; custom_padding=&#8220;6px|15px|0px|20px|false|false&#8220; border_width_left=&#8220;1px&#8220; border_color_left=&#8220;#AF7038&#8243; global_colors_info=&#8220;{}&#8220; theme_builder_area=&#8220;post_content&#8220;]<\/p>\n<h2>Erleben Sie den Kagyu Monlam 2020 in Bildern<\/h2>\n<p>[\/et_pb_text][et_pb_gallery gallery_ids=&#8220;6678,6675,6672,6669,6666,6663,6660,6657,6654,6651,6648,6645,6642,6639,6636,6633,6630,6627,6624&#8243; show_title_and_caption=&#8220;off&#8220; _builder_version=&#8220;4.23&#8243; _module_preset=&#8220;default&#8220; custom_margin=&#8220;51px||||false|false&#8220; global_colors_info=&#8220;{}&#8220; theme_builder_area=&#8220;post_content&#8220;][\/et_pb_gallery][et_pb_gallery gallery_ids=&#8220;1384,1381,1399,957,963,1363,954,1405,1402,1366,1396,1393,1387,1378,1372,1369,1390,966,1375&#8243; show_title_and_caption=&#8220;off&#8220; _builder_version=&#8220;4.16&#8243; _module_preset=&#8220;default&#8220; custom_margin=&#8220;51px|||||&#8220; custom_padding=&#8220;||0px|||&#8220; global_colors_info=&#8220;{}&#8220; theme_builder_area=&#8220;post_content&#8220;][\/et_pb_gallery][\/et_pb_column][\/et_pb_row][et_pb_row column_structure=&#8220;2_3,1_3&#8243; _builder_version=&#8220;4.18.1&#8243; _module_preset=&#8220;default&#8220; width_tablet=&#8220;80%&#8220; width_phone=&#8220;80%&#8220; width_last_edited=&#8220;off|desktop&#8220; custom_margin=&#8220;20px|auto|40px|auto||&#8220; custom_padding=&#8220;5px||18px|||&#8220; locked=&#8220;off&#8220; global_colors_info=&#8220;{}&#8220; theme_builder_area=&#8220;post_content&#8220;][et_pb_column type=&#8220;2_3&#8243; _builder_version=&#8220;4.16&#8243; _module_preset=&#8220;default&#8220; global_colors_info=&#8220;{}&#8220; theme_builder_area=&#8220;post_content&#8220;][et_pb_code raw_content_tablet=&#8220;<iframe src=%22https:\/\/www.facebook.com\/plugins\/video.php?height=314&#038;href=https%3A%2F%2Fwww.facebook.com%2FDhagpoKundreulLing%2Fvideos%2F822976108260782%2F&#038;show_text=true&#038;width=560&#038;t=0%22 width=%22650%22 height=%22500%22 style=%22border:none;overflow:hidden%22 scrolling=%22no%22 frameborder=%220%22 allowfullscreen=%22true%22 allow=%22autoplay; clipboard-write; encrypted-media; picture-in-picture; web-share%22 allowFullScreen=%22true%22><\/iframe>&#8220; raw_content_phone=&#8220;<iframe src=%22https:\/\/www.facebook.com\/plugins\/video.php?height=314&#038;href=https%3A%2F%2Fwww.facebook.com%2FDhagpoKundreulLing%2Fvideos%2F822976108260782%2F&#038;show_text=true&#038;width=560&#038;t=0%22 width=%22650%22 height=%22350%22 style=%22border:none;overflow:hidden%22 scrolling=%22no%22 frameborder=%220%22 allowfullscreen=%22true%22 allow=%22autoplay; clipboard-write; encrypted-media; picture-in-picture; web-share%22 allowFullScreen=%22true%22><\/iframe>&#8220; raw_content_last_edited=&#8220;off|desktop&#8220; _builder_version=&#8220;4.16&#8243; _module_preset=&#8220;default&#8220; module_alignment=&#8220;center&#8220; global_colors_info=&#8220;{}&#8220; theme_builder_area=&#8220;post_content&#8220;]<\/p>\n<div class=\"facebook-responsive\"><!-- [et_pb_line_break_holder] --><iframe loading=\"lazy\" src=\"https:\/\/www.facebook.com\/plugins\/video.php?height=314&amp;href=https%3A%2F%2Fwww.facebook.com%2FDhagpoKundreulLing%2Fvideos%2F822976108260782%2F&amp;show_text=false&amp;width=560&amp;t=0\" width=\"560\" height=\"314\" style=\"border:none;overflow:hidden\" scrolling=\"no\" frameborder=\"0\" allowfullscreen=\"true\" allow=\"autoplay; clipboard-write; encrypted-media; picture-in-picture; web-share\"><\/iframe><!-- [et_pb_line_break_holder] --><\/div>\n<p>[\/et_pb_code][\/et_pb_column][et_pb_column type=&#8220;1_3&#8243; _builder_version=&#8220;4.16&#8243; _module_preset=&#8220;default&#8220; global_colors_info=&#8220;{}&#8220; theme_builder_area=&#8220;post_content&#8220;][et_pb_blurb use_icon=&#8220;on&#8220; font_icon=&#8220;&#xf09a;||fa||400&#8243; _builder_version=&#8220;4.23&#8243; _module_preset=&#8220;e68d44f1-2908-463c-b01c-b58b9fa5a72a&#8220; global_colors_info=&#8220;{}&#8220; theme_builder_area=&#8220;post_content&#8220;]<\/p>\n<p><a href=\"https:\/\/www.facebook.com\/media\/set\/?set=a.195014008999450&amp;type=3\" target=\"_blank\" rel=\"noopener\">Weitere Fotos auf unserer Facebook-Seite ansehen<\/a><\/p>\n<p>[\/et_pb_blurb][et_pb_blurb use_icon=&#8220;on&#8220; font_icon=&#8220;&#xf167;||fa||400&#8243; _builder_version=&#8220;4.23&#8243; _module_preset=&#8220;e68d44f1-2908-463c-b01c-b58b9fa5a72a&#8220; global_colors_info=&#8220;{}&#8220; theme_builder_area=&#8220;post_content&#8220;]<\/p>\n<p><a href=\"https:\/\/www.youtube.com\/channel\/UC9aqpfEthse7968kEeNkqdQ\/videos\" target=\"_blank\" rel=\"noopener\">Weitere Videos auf unserem YouTube-Kanal ansehen<\/a><\/p>\n<p>[\/et_pb_blurb][\/et_pb_column][\/et_pb_row][et_pb_row _builder_version=&#8220;4.18.1&#8243; _module_preset=&#8220;default&#8220; width_tablet=&#8220;80%&#8220; width_phone=&#8220;80%&#8220; width_last_edited=&#8220;off|desktop&#8220; custom_margin=&#8220;20px|auto||auto||&#8220; custom_padding=&#8220;5px||18px|||&#8220; locked=&#8220;off&#8220; global_colors_info=&#8220;{}&#8220; theme_builder_area=&#8220;post_content&#8220;][et_pb_column type=&#8220;4_4&#8243; _builder_version=&#8220;4.16&#8243; _module_preset=&#8220;default&#8220; global_colors_info=&#8220;{}&#8220; theme_builder_area=&#8220;post_content&#8220;][et_pb_text _builder_version=&#8220;4.18.1&#8243; _module_preset=&#8220;default&#8220; global_colors_info=&#8220;{}&#8220; theme_builder_area=&#8220;post_content&#8220;]<\/p>\n<p><span style=\"font-weight: 400;\">Zum Kagyu-Monlam 2020 versammelten sich, trotz der durch die Pandemie hervorgerufenen Bedingungen, Tausende von Menschen aus der ganzen Welt. Die Praktizierenden schlossen sich der Sangha von <span>Thaye Dorje, Seiner Heiligkeit des 17<sup>. <\/sup>Gyalwa Karmapa<\/span> in Rumtek an, um diese kostbaren Wunschgebete zu rezitieren. Gyalwa Karmapa bedankte sich bei ihnen und bei allen, die zum Gelingen und zur Sendung dieses Ereignisses beigetragen haben.<\/span><\/p>\n<p>[\/et_pb_text][\/et_pb_column][\/et_pb_row][et_pb_row column_structure=&#8220;3_4,1_4&#8243; _builder_version=&#8220;4.18.1&#8243; _module_preset=&#8220;default&#8220; width_tablet=&#8220;80%&#8220; width_phone=&#8220;80%&#8220; width_last_edited=&#8220;off|desktop&#8220; custom_margin=&#8220;20px|auto||auto||&#8220; custom_padding=&#8220;5px||18px|||&#8220; locked=&#8220;off&#8220; global_colors_info=&#8220;{}&#8220; theme_builder_area=&#8220;post_content&#8220;][et_pb_column type=&#8220;3_4&#8243; _builder_version=&#8220;4.16&#8243; _module_preset=&#8220;default&#8220; global_colors_info=&#8220;{}&#8220; theme_builder_area=&#8220;post_content&#8220;][et_pb_text _builder_version=&#8220;4.16&#8243; _module_preset=&#8220;default&#8220; background_color=&#8220;rgba(139,35,49,0.1)&#8220; custom_padding=&#8220;20px|28px|20px|28px|false|true&#8220; border_width_left=&#8220;6px&#8220; border_color_left=&#8220;#8B2331&#8243; global_colors_info=&#8220;{}&#8220; theme_builder_area=&#8220;post_content&#8220;]<\/p>\n<p><span><i class=\"fas fa-quote-left fa-lg\" style=\"color: #8b2331; padding-right: 10px;\"><\/i> Liebe Dharma-Freunde,<\/span><\/p>\n<p><span>mit gro\u00dfer Freude und Wertsch\u00e4tzung schreibe ich Ihnen nach dem erfolgreichen Abschluss des Kagyu Monlam 2020. Es war das 18. Treffen seit seiner Einf\u00fchrung in unsere Zeit durch den verstorbenen 14. K\u00fcnzig Shamar Rinpoche im Jahr 1994.<\/span><\/p>\n<p><span>Dank der Hingabe und der Bem\u00fchungen unserer ehrw\u00fcrdigen Sanghas, unserer Rinpoches, Lamas, M\u00f6nche, Nonnen, Laienpraktizierenden, Freiwilligen und Sponsoren sowie des Segens der Buddhas und Bodhisattvas waren wir in der Lage, zahlreiche Male das M\u00f6nlam sicher zu veranstalten und es direkt zu den Sch\u00fclern in aller Welt zu \u00fcbertragen.<\/span><\/p>\n<p><span>Ich m\u00f6chte diese Gelegenheit nutzen, um all jenen pers\u00f6nlich zu danken, die direkt am Streaming dieser unermesslichen W\u00fcnsche, Gebete und Widmungen zum Wohle aller f\u00fchlenden Wesen beteiligt waren:<\/span><\/p>\n<ul>\n<li style=\"list-style-type: none;\">\n<ul>\n<li><span>Khenpo Lekshey<\/span><\/li>\n<li><span>Tshering Dorje<\/span><\/li>\n<li><span>Daniel Lin<\/span><\/li>\n<li><span>Magda Jungowska<\/span><\/li>\n<li><span>Stephan Grallert<\/span><\/li>\n<li><span>Knut Jelden<\/span><\/li>\n<li><span>Philipp Mohrenweiser<\/span><\/li>\n<li><span>Paul Partington<\/span><\/li>\n<li><span>Die vielen Techniker, Freiwilligen, Fotografen und andere, die im Hintergrund arbeiten<\/span><\/li>\n<\/ul>\n<\/li>\n<\/ul>\n<p><span>Offenbar wurden im Laufe des Monlam mehr als 1,4 Millionen Minuten an Gebeten auf Facebook angeh\u00f6rt. Jede Sekunde davon kommt den f\u00fchlenden Wesen zugute.<\/span><\/p>\n<p><span>Deshalb m\u00f6chte ich auch Ihnen allen, liebe Dharma-Freunde, meinen herzlichen Dank f\u00fcr Ihre Teilnahme und Ihre kontinuierliche Praxis aussprechen.<\/span><\/p>\n<p><span>Die Praktizierenden k\u00f6nnen sich die Gebete des Monlam auf<\/span> <a href=\"https:\/\/www.karmapa.org\/live-stream-kagyu-monlam-2020\/\"><span>der Streaming-Seite<\/span><\/a> noch einmal anh\u00f6ren<span>.<\/span><\/p>\n<p><span>Ich hoffe, die folgenden Fotos geben einen kleinen Eindruck vom Kagyu Monlam 2020, wie er in der ganzen Welt erlebt wurde.<\/span><\/p>\n<p><span>Mit Gebeten<\/span><\/p>\n<p><span>Thaye Dorje<\/span><\/p>\n<p><span>Seine Heiligkeit der 17. Gyalwa Karmapa<\/span><\/p>\n<p>[\/et_pb_text][\/et_pb_column][et_pb_column type=&#8220;1_4&#8243; _builder_version=&#8220;4.16&#8243; _module_preset=&#8220;default&#8220; global_colors_info=&#8220;{}&#8220; theme_builder_area=&#8220;post_content&#8220;][et_pb_gallery gallery_ids=&#8220;1417,1440,1451,1455&#8243; show_title_and_caption=&#8220;off&#8220; _builder_version=&#8220;4.16&#8243; _module_preset=&#8220;default&#8220; custom_margin=&#8220;||1px|||&#8220; global_colors_info=&#8220;{}&#8220; theme_builder_area=&#8220;post_content&#8220;][\/et_pb_gallery][et_pb_gallery gallery_ids=&#8220;5958,6051,5967,6045&#8243; show_title_and_caption=&#8220;off&#8220; _builder_version=&#8220;4.23&#8243; _module_preset=&#8220;default&#8220; custom_margin=&#8220;||1px||false|false&#8220; global_colors_info=&#8220;{}&#8220; theme_builder_area=&#8220;post_content&#8220;][\/et_pb_gallery][et_pb_button button_url=&#8220;https:\/\/www.karmapa.org\/kagyu-monlam-2020-impressions-photos\/&#8220; url_new_window=&#8220;on&#8220; button_text=&#8220;Mehr Fotos auf der Website von Karmapa ansehen&#8220; button_alignment=&#8220;center&#8220; _builder_version=&#8220;4.16&#8243; _module_preset=&#8220;default&#8220; custom_button=&#8220;on&#8220; button_border_width=&#8220;1px&#8220; button_border_color=&#8220;#8B2331&#8243; custom_margin=&#8220;||-17px|||&#8220; custom_padding=&#8220;||||false|false&#8220; global_colors_info=&#8220;{}&#8220; theme_builder_area=&#8220;post_content&#8220;][\/et_pb_button][\/et_pb_column][\/et_pb_row][\/et_pb_section]<\/p>\n","protected":false},"excerpt":{"rendered":"<p>Erleben Sie den Kagyu Monlam 2020 in BildernWeitere Fotos auf unserer Facebook-Seite ansehenWeitere Videos auf unserem YouTube-Kanal ansehenZum Kagyu-Monlam 2020 versammelten sich, trotz der durch die Pandemie hervorgerufenen Bedingungen, Tausende von Menschen aus der ganzen Welt. Die Praktizierenden schlossen sich der Sangha von Thaye Dorje, Seiner Heiligkeit des 17. Gyalwa Karmapa in Rumtek an, um [&hellip;]<\/p>\n","protected":false},"author":2,"featured_media":0,"parent":0,"menu_order":0,"comment_status":"closed","ping_status":"closed","template":"","meta":{"_et_pb_use_builder":"on","_et_pb_old_content":"","_et_gb_content_width":"","footnotes":""},"class_list":["post-6902","page","type-page","status-publish","hentry"],"yoast_head":"<!-- This site is optimized with the Yoast SEO plugin v26.1.1 - https:\/\/yoast.com\/wordpress\/plugins\/seo\/ -->\n<title>Kagyu Monlam 2020 - Kagyu M\u00f6nlam \u00e0 Dhagpo Kundreul Ling<\/title>\n<meta name=\"robots\" content=\"noindex, follow, max-snippet:-1, max-image-preview:large, max-video-preview:-1\" \/>\n<meta property=\"og:locale\" content=\"de_DE\" \/>\n<meta property=\"og:type\" content=\"article\" \/>\n<meta property=\"og:title\" content=\"Kagyu Monlam 2020 - Kagyu M\u00f6nlam \u00e0 Dhagpo Kundreul Ling\" \/>\n<meta property=\"og:description\" content=\"Erleben Sie den Kagyu Monlam 2020 in BildernWeitere Fotos auf unserer Facebook-Seite ansehenWeitere Videos auf unserem YouTube-Kanal ansehenZum Kagyu-Monlam 2020 versammelten sich, trotz der durch die Pandemie hervorgerufenen Bedingungen, Tausende von Menschen aus der ganzen Welt. Die Praktizierenden schlossen sich der Sangha von Thaye Dorje, Seiner Heiligkeit des 17. Gyalwa Karmapa in Rumtek an, um [&hellip;]\" \/>\n<meta property=\"og:url\" content=\"https:\/\/devkm07102025.dhagpo-sandbox.org\/de\/kagyue-moenlam-2020\/\" \/>\n<meta property=\"og:site_name\" content=\"Kagyu M\u00f6nlam \u00e0 Dhagpo Kundreul Ling\" \/>\n<meta property=\"article:modified_time\" content=\"2024-11-13T19:13:54+00:00\" \/>\n<meta name=\"twitter:card\" content=\"summary_large_image\" \/>\n<meta name=\"twitter:label1\" content=\"Gesch\u00e4tzte Lesezeit\" \/>\n\t<meta name=\"twitter:data1\" content=\"7\u00a0Minuten\" \/>\n<script type=\"application\/ld+json\" class=\"yoast-schema-graph\">{\"@context\":\"https:\/\/schema.org\",\"@graph\":[{\"@type\":\"WebPage\",\"@id\":\"https:\/\/devkm07102025.dhagpo-sandbox.org\/de\/kagyue-moenlam-2020\/\",\"url\":\"https:\/\/devkm07102025.dhagpo-sandbox.org\/de\/kagyue-moenlam-2020\/\",\"name\":\"Kagyu Monlam 2020 - Kagyu M\u00f6nlam \u00e0 Dhagpo Kundreul Ling\",\"isPartOf\":{\"@id\":\"https:\/\/devkm07102025.dhagpo-sandbox.org\/#website\"},\"datePublished\":\"2021-11-19T10:28:00+00:00\",\"dateModified\":\"2024-11-13T19:13:54+00:00\",\"breadcrumb\":{\"@id\":\"https:\/\/devkm07102025.dhagpo-sandbox.org\/de\/kagyue-moenlam-2020\/#breadcrumb\"},\"inLanguage\":\"de\",\"potentialAction\":[{\"@type\":\"ReadAction\",\"target\":[\"https:\/\/devkm07102025.dhagpo-sandbox.org\/de\/kagyue-moenlam-2020\/\"]}]},{\"@type\":\"BreadcrumbList\",\"@id\":\"https:\/\/devkm07102025.dhagpo-sandbox.org\/de\/kagyue-moenlam-2020\/#breadcrumb\",\"itemListElement\":[{\"@type\":\"ListItem\",\"position\":1,\"name\":\"Accueil\",\"item\":\"https:\/\/devkm07102025.dhagpo-sandbox.org\/de\/kagyue-moenlam\/\"},{\"@type\":\"ListItem\",\"position\":2,\"name\":\"Kagyu Monlam 2020\"}]},{\"@type\":\"WebSite\",\"@id\":\"https:\/\/devkm07102025.dhagpo-sandbox.org\/#website\",\"url\":\"https:\/\/devkm07102025.dhagpo-sandbox.org\/\",\"name\":\"Kagyu M\u00f6nlam \u00e0 Dhagpo Kundreul Ling\",\"description\":\"Une grande accumulation de souhaits pour le bonheur des \u00eatres\",\"potentialAction\":[{\"@type\":\"SearchAction\",\"target\":{\"@type\":\"EntryPoint\",\"urlTemplate\":\"https:\/\/devkm07102025.dhagpo-sandbox.org\/?s={search_term_string}\"},\"query-input\":{\"@type\":\"PropertyValueSpecification\",\"valueRequired\":true,\"valueName\":\"search_term_string\"}}],\"inLanguage\":\"de\"}]}<\/script>\n<!-- \/ Yoast SEO plugin. -->","yoast_head_json":{"title":"Kagyu Monlam 2020 - Kagyu M\u00f6nlam \u00e0 Dhagpo Kundreul Ling","robots":{"index":"noindex","follow":"follow","max-snippet":"max-snippet:-1","max-image-preview":"max-image-preview:large","max-video-preview":"max-video-preview:-1"},"og_locale":"de_DE","og_type":"article","og_title":"Kagyu Monlam 2020 - Kagyu M\u00f6nlam \u00e0 Dhagpo Kundreul Ling","og_description":"Erleben Sie den Kagyu Monlam 2020 in BildernWeitere Fotos auf unserer Facebook-Seite ansehenWeitere Videos auf unserem YouTube-Kanal ansehenZum Kagyu-Monlam 2020 versammelten sich, trotz der durch die Pandemie hervorgerufenen Bedingungen, Tausende von Menschen aus der ganzen Welt. Die Praktizierenden schlossen sich der Sangha von Thaye Dorje, Seiner Heiligkeit des 17. Gyalwa Karmapa in Rumtek an, um [&hellip;]","og_url":"https:\/\/devkm07102025.dhagpo-sandbox.org\/de\/kagyue-moenlam-2020\/","og_site_name":"Kagyu M\u00f6nlam \u00e0 Dhagpo Kundreul Ling","article_modified_time":"2024-11-13T19:13:54+00:00","twitter_card":"summary_large_image","twitter_misc":{"Gesch\u00e4tzte Lesezeit":"7\u00a0Minuten"},"schema":{"@context":"https:\/\/schema.org","@graph":[{"@type":"WebPage","@id":"https:\/\/devkm07102025.dhagpo-sandbox.org\/de\/kagyue-moenlam-2020\/","url":"https:\/\/devkm07102025.dhagpo-sandbox.org\/de\/kagyue-moenlam-2020\/","name":"Kagyu Monlam 2020 - Kagyu M\u00f6nlam \u00e0 Dhagpo Kundreul Ling","isPartOf":{"@id":"https:\/\/devkm07102025.dhagpo-sandbox.org\/#website"},"datePublished":"2021-11-19T10:28:00+00:00","dateModified":"2024-11-13T19:13:54+00:00","breadcrumb":{"@id":"https:\/\/devkm07102025.dhagpo-sandbox.org\/de\/kagyue-moenlam-2020\/#breadcrumb"},"inLanguage":"de","potentialAction":[{"@type":"ReadAction","target":["https:\/\/devkm07102025.dhagpo-sandbox.org\/de\/kagyue-moenlam-2020\/"]}]},{"@type":"BreadcrumbList","@id":"https:\/\/devkm07102025.dhagpo-sandbox.org\/de\/kagyue-moenlam-2020\/#breadcrumb","itemListElement":[{"@type":"ListItem","position":1,"name":"Accueil","item":"https:\/\/devkm07102025.dhagpo-sandbox.org\/de\/kagyue-moenlam\/"},{"@type":"ListItem","position":2,"name":"Kagyu Monlam 2020"}]},{"@type":"WebSite","@id":"https:\/\/devkm07102025.dhagpo-sandbox.org\/#website","url":"https:\/\/devkm07102025.dhagpo-sandbox.org\/","name":"Kagyu M\u00f6nlam \u00e0 Dhagpo Kundreul Ling","description":"Une grande accumulation de souhaits pour le bonheur des \u00eatres","potentialAction":[{"@type":"SearchAction","target":{"@type":"EntryPoint","urlTemplate":"https:\/\/devkm07102025.dhagpo-sandbox.org\/?s={search_term_string}"},"query-input":{"@type":"PropertyValueSpecification","valueRequired":true,"valueName":"search_term_string"}}],"inLanguage":"de"}]}},"_links":{"self":[{"href":"https:\/\/devkm07102025.dhagpo-sandbox.org\/de\/wp-json\/wp\/v2\/pages\/6902","targetHints":{"allow":["GET"]}}],"collection":[{"href":"https:\/\/devkm07102025.dhagpo-sandbox.org\/de\/wp-json\/wp\/v2\/pages"}],"about":[{"href":"https:\/\/devkm07102025.dhagpo-sandbox.org\/de\/wp-json\/wp\/v2\/types\/page"}],"author":[{"embeddable":true,"href":"https:\/\/devkm07102025.dhagpo-sandbox.org\/de\/wp-json\/wp\/v2\/users\/2"}],"replies":[{"embeddable":true,"href":"https:\/\/devkm07102025.dhagpo-sandbox.org\/de\/wp-json\/wp\/v2\/comments?post=6902"}],"version-history":[{"count":26,"href":"https:\/\/devkm07102025.dhagpo-sandbox.org\/de\/wp-json\/wp\/v2\/pages\/6902\/revisions"}],"predecessor-version":[{"id":8663,"href":"https:\/\/devkm07102025.dhagpo-sandbox.org\/de\/wp-json\/wp\/v2\/pages\/6902\/revisions\/8663"}],"wp:attachment":[{"href":"https:\/\/devkm07102025.dhagpo-sandbox.org\/de\/wp-json\/wp\/v2\/media?parent=6902"}],"curies":[{"name":"wp","href":"https:\/\/api.w.org\/{rel}","templated":true}]}}