{"id":6909,"date":"2021-11-14T10:17:58","date_gmt":"2021-11-14T09:17:58","guid":{"rendered":"https:\/\/devkm07102025.dhagpo-sandbox.org\/links\/"},"modified":"2024-11-13T18:52:01","modified_gmt":"2024-11-13T17:52:01","slug":"links","status":"publish","type":"page","link":"https:\/\/devkm07102025.dhagpo-sandbox.org\/de\/links\/","title":{"rendered":"Links"},"content":{"rendered":"<p>[et_pb_section fb_built=&#8220;1&#8243; _builder_version=&#8220;4.16&#8243; _module_preset=&#8220;default&#8220; background_enable_color=&#8220;off&#8220; background_image=&#8220;https:\/\/devkm07102025.dhagpo-sandbox.org\/wp-content\/uploads\/2021\/11\/lampes-bandeau.jpg&#8220; custom_margin=&#8220;||16px|||&#8220; custom_padding=&#8220;8px||8px||false|false&#8220; locked=&#8220;off&#8220; global_colors_info=&#8220;{}&#8220;][et_pb_row custom_padding_last_edited=&#8220;on|desktop&#8220; _builder_version=&#8220;4.16&#8243; _module_preset=&#8220;default&#8220; width=&#8220;85%&#8220; max_width=&#8220;100%&#8220; min_height=&#8220;62px&#8220; custom_margin=&#8220;92px|auto||auto|false|false&#8220; custom_padding=&#8220;41px||||false|false&#8220; custom_padding_tablet=&#8220;41px||||false|false&#8220; custom_padding_phone=&#8220;46px||2px||false|false&#8220; global_colors_info=&#8220;{}&#8220;][et_pb_column type=&#8220;4_4&#8243; _builder_version=&#8220;4.16&#8243; _module_preset=&#8220;default&#8220; global_colors_info=&#8220;{}&#8220;][et_pb_text _builder_version=&#8220;4.18.1&#8243; _dynamic_attributes=&#8220;content&#8220; _module_preset=&#8220;default&#8220; header_text_color=&#8220;#FFFFFF&#8220; custom_margin_tablet=&#8220;&#8220; custom_margin_phone=&#8220;&#8220; custom_margin_last_edited=&#8220;on|phone&#8220; custom_padding=&#8220;16px||11px||false|false&#8220; custom_css_main_element=&#8220;display:inline-block;&#8220; border_width_bottom=&#8220;1px&#8220; border_color_bottom=&#8220;#FFFFFF&#8220; global_colors_info=&#8220;{}&#8220;]@ET-DC@eyJkeW5hbWljIjp0cnVlLCJjb250ZW50IjoicG9zdF90aXRsZSIsInNldHRpbmdzIjp7ImJlZm9yZSI6IjxoMT4iLCJhZnRlciI6IjwvaDE+In19@[\/et_pb_text][\/et_pb_column][\/et_pb_row][\/et_pb_section][et_pb_section fb_built=&#8220;1&#8243; _builder_version=&#8220;4.16&#8243; _module_preset=&#8220;default&#8220; width=&#8220;100%&#8220; max_width=&#8220;100%&#8220; custom_padding=&#8220;2px||0px|||&#8220; global_colors_info=&#8220;{}&#8220;][et_pb_row column_structure=&#8220;1_2,1_2&#8243; use_custom_gutter=&#8220;on&#8220; gutter_width=&#8220;2&#8243; _builder_version=&#8220;4.18.1&#8243; _module_preset=&#8220;default&#8220; custom_margin=&#8220;40px|auto|0px|auto|false|false&#8220; custom_padding=&#8220;||0px||false|false&#8220; global_colors_info=&#8220;{}&#8220;][et_pb_column type=&#8220;1_2&#8243; _builder_version=&#8220;4.16&#8243; _module_preset=&#8220;default&#8220; global_colors_info=&#8220;{}&#8220;][et_pb_blurb title=&#8220;Thaye Dorje, Seine Heiligkeit der 17. Gyalwa Karmapa&#8220; url=&#8220;https:\/\/www.karmapa.org\/&#8220; url_new_window=&#8220;on&#8220; image_icon_background_color=&#8220;#b22010&#8243; image=&#8220;https:\/\/devkm07102025.dhagpo-sandbox.org\/wp-content\/uploads\/2021\/11\/logo-17th-karmapa_fixed_updated_white_outline2_small_2.png&#8220; icon_placement=&#8220;left&#8220; image_icon_width=&#8220;139px&#8220; icon_placement_tablet=&#8220;left&#8220; icon_placement_phone=&#8220;top&#8220; icon_placement_last_edited=&#8220;on|phone&#8220; image_icon_width_tablet=&#8220;139px&#8220; image_icon_width_phone=&#8220;110px&#8220; image_icon_width_last_edited=&#8220;on|phone&#8220; module_class=&#8220;custom_resume&#8220; _builder_version=&#8220;4.16&#8243; _module_preset=&#8220;default&#8220; header_font=&#8220;||||||||&#8220; header_line_height=&#8220;1.3em&#8220; body_link_font=&#8220;|600|||||||&#8220; body_link_text_color=&#8220;#063b84&#8243; background_enable_color=&#8220;off&#8220; image_icon_custom_padding=&#8220;10px|10px|10px|10px|false|false&#8220; custom_margin=&#8220;||||false|false&#8220; custom_padding=&#8220;8px|8px|8px|8px|false|false&#8220; animation=&#8220;off&#8220; box_shadow_style=&#8220;preset1&#8243; box_shadow_blur=&#8220;8px&#8220; global_colors_info=&#8220;{}&#8220;]<\/p>\n<p><a href=\"https:\/\/www.karmapa.org\/\" target=\"_blank\" rel=\"noopener\"><span>karmapa.org<\/span><\/a><\/p>\n<p>[\/et_pb_blurb][\/et_pb_column][et_pb_column type=&#8220;1_2&#8243; _builder_version=&#8220;4.16&#8243; _module_preset=&#8220;default&#8220; global_colors_info=&#8220;{}&#8220;][et_pb_blurb title=&#8220;SABA&#8220; url=&#8220;https:\/\/sabassociation.org\/&#8220; url_new_window=&#8220;on&#8220; image_icon_background_color=&#8220;#15357e&#8220; image=&#8220;https:\/\/devkm07102025.dhagpo-sandbox.org\/wp-content\/uploads\/2021\/11\/saba-logo.jpg&#8220; icon_placement=&#8220;left&#8220; image_icon_width=&#8220;139px&#8220; icon_placement_tablet=&#8220;left&#8220; icon_placement_phone=&#8220;top&#8220; icon_placement_last_edited=&#8220;on|desktop&#8220; image_icon_width_tablet=&#8220;139px&#8220; image_icon_width_phone=&#8220;110px&#8220; image_icon_width_last_edited=&#8220;on|phone&#8220; module_class=&#8220;custom_resume&#8220; _builder_version=&#8220;4.16&#8243; _module_preset=&#8220;default&#8220; header_font=&#8220;||||||||&#8220; header_line_height=&#8220;1.1em&#8220; body_line_height=&#8220;1.5em&#8220; body_link_font=&#8220;|600|||||||&#8220; body_link_text_color=&#8220;#063b84&#8243; background_enable_color=&#8220;off&#8220; image_icon_custom_padding=&#8220;10px|10px|10px|10px|false|false&#8220; text_orientation=&#8220;justified&#8220; custom_margin=&#8220;||||false|false&#8220; custom_padding=&#8220;8px|8px|8px|8px|false|false&#8220; animation=&#8220;off&#8220; box_shadow_style=&#8220;preset1&#8243; box_shadow_blur=&#8220;8px&#8220; global_colors_info=&#8220;{}&#8220;]<\/p>\n<p><span> Eine von Thaye Dorje, dem 17. Karmapa, gegr\u00fcndete gemeinn\u00fctzige Stiftung<sup> <\/sup><\/span><br \/><a href=\"https:\/\/sabassociation.org\/\" target=\"_blank\" rel=\"noopener\">sabassociation.org<\/a><\/p>\n<p>[\/et_pb_blurb][\/et_pb_column][\/et_pb_row][et_pb_row column_structure=&#8220;1_2,1_2&#8243; use_custom_gutter=&#8220;on&#8220; gutter_width=&#8220;2&#8243; _builder_version=&#8220;4.18.1&#8243; _module_preset=&#8220;default&#8220; custom_margin=&#8220;30px||||false|false&#8220; custom_padding=&#8220;0px||||false|false&#8220; global_colors_info=&#8220;{}&#8220;][et_pb_column type=&#8220;1_2&#8243; _builder_version=&#8220;4.16&#8243; _module_preset=&#8220;default&#8220; global_colors_info=&#8220;{}&#8220;][et_pb_blurb title=&#8220;Dhagpo Kagyu Ling&#8220; url=&#8220;https:\/\/www.dhagpo.org\/&#8220; url_new_window=&#8220;on&#8220; image_icon_background_color=&#8220;#514b44&#8243; image=&#8220;https:\/\/devkm07102025.dhagpo-sandbox.org\/wp-content\/uploads\/2021\/11\/logo-Dhagpo-Kagyu-Ling-2.jpg&#8220; icon_placement=&#8220;left&#8220; image_icon_width=&#8220;139px&#8220; icon_placement_tablet=&#8220;left&#8220; icon_placement_phone=&#8220;top&#8220; icon_placement_last_edited=&#8220;on|phone&#8220; image_icon_width_tablet=&#8220;139px&#8220; image_icon_width_phone=&#8220;110px&#8220; image_icon_width_last_edited=&#8220;on|desktop&#8220; module_class=&#8220;custom_resume&#8220; _builder_version=&#8220;4.27.2&#8243; _module_preset=&#8220;default&#8220; header_font=&#8220;||||||||&#8220; header_line_height=&#8220;1.3em&#8220; body_link_font=&#8220;|600|||||||&#8220; body_link_text_color=&#8220;#063b84&#8243; background_enable_color=&#8220;off&#8220; image_icon_custom_padding=&#8220;19px|10px|19px|10px|true|false&#8220; custom_padding=&#8220;8px|8px|8px|8px|false|false&#8220; animation=&#8220;off&#8220; hover_enabled=&#8220;0&#8243; box_shadow_style=&#8220;preset1&#8243; box_shadow_blur=&#8220;8px&#8220; global_colors_info=&#8220;{}&#8220; sticky_enabled=&#8220;0&#8243;]<\/p>\n<p><a href=\"https:\/\/www.dhagpo.org\/\" target=\"_blank\" rel=\"noopener\">dhagpo.org<\/a><\/p>\n<p>[\/et_pb_blurb][\/et_pb_column][et_pb_column type=&#8220;1_2&#8243; _builder_version=&#8220;4.16&#8243; _module_preset=&#8220;default&#8220; global_colors_info=&#8220;{}&#8220;][et_pb_blurb title=&#8220;Dhagpo Kundreul Ling&#8220; url=&#8220;https:\/\/www.dhagpo-kundreul.org\/index.php\/fr\/&#8220; url_new_window=&#8220;on&#8220; image_icon_background_color=&#8220;#b22010&#8243; image=&#8220;https:\/\/devkm07102025.dhagpo-sandbox.org\/wp-content\/uploads\/2021\/11\/cropped-favicon-LOGO-Dhagpo-Kundreul-Ling.jpg&#8220; icon_placement=&#8220;left&#8220; image_icon_width=&#8220;139px&#8220; icon_placement_tablet=&#8220;left&#8220; icon_placement_phone=&#8220;top&#8220; icon_placement_last_edited=&#8220;on|phone&#8220; image_icon_width_tablet=&#8220;139px&#8220; image_icon_width_phone=&#8220;110px&#8220; image_icon_width_last_edited=&#8220;on|phone&#8220; module_class=&#8220;custom_resume&#8220; _builder_version=&#8220;4.16&#8243; _module_preset=&#8220;default&#8220; header_font=&#8220;||||||||&#8220; header_line_height=&#8220;1.3em&#8220; body_link_font=&#8220;|600|||||||&#8220; body_link_text_color=&#8220;#063b84&#8243; background_enable_color=&#8220;off&#8220; custom_padding=&#8220;8px|8px|8px|8px|false|false&#8220; animation=&#8220;off&#8220; box_shadow_style=&#8220;preset1&#8243; box_shadow_blur=&#8220;8px&#8220; global_colors_info=&#8220;{}&#8220;]<\/p>\n<p><a href=\"https:\/\/www.dhagpo-kundreul.org\/index.php\/fr\/\" target=\"_blank\" rel=\"noopener\">dhagpo-kundreul.org<\/a><\/p>\n<p>[\/et_pb_blurb][\/et_pb_column][\/et_pb_row][et_pb_row _builder_version=&#8220;4.18.1&#8243; _module_preset=&#8220;default&#8220; width=&#8220;100%&#8220; max_width=&#8220;100%&#8220; custom_padding=&#8220;58px||0px||false|false&#8220; global_colors_info=&#8220;{}&#8220;][et_pb_column type=&#8220;4_4&#8243; _builder_version=&#8220;4.16&#8243; _module_preset=&#8220;default&#8220; global_colors_info=&#8220;{}&#8220;][et_pb_image src=&#8220;https:\/\/devkm07102025.dhagpo-sandbox.org\/wp-content\/uploads\/2021\/11\/Karmapa-offer-light.jpg&#8220; title_text=&#8220;Karmapas Lichtopfer&#8220; _builder_version=&#8220;4.16&#8243; _module_preset=&#8220;default&#8220; global_colors_info=&#8220;{}&#8220;][\/et_pb_image][\/et_pb_column][\/et_pb_row][\/et_pb_section]<\/p>\n","protected":false},"excerpt":{"rendered":"<p>karmapa.org Eine von Thaye Dorje, dem 17. Karmapa, gegr\u00fcndete gemeinn\u00fctzige Stiftung sabassociation.orgdhagpo.orgdhagpo-kundreul.org<\/p>\n","protected":false},"author":2,"featured_media":0,"parent":0,"menu_order":0,"comment_status":"closed","ping_status":"closed","template":"","meta":{"_et_pb_use_builder":"on","_et_pb_old_content":"","_et_gb_content_width":"","footnotes":""},"class_list":["post-6909","page","type-page","status-publish","hentry"],"yoast_head":"<!-- This site is optimized with the Yoast SEO plugin v26.1.1 - https:\/\/yoast.com\/wordpress\/plugins\/seo\/ -->\n<title>Links - Kagyu M\u00f6nlam \u00e0 Dhagpo Kundreul Ling<\/title>\n<meta name=\"robots\" content=\"noindex, follow, max-snippet:-1, max-image-preview:large, max-video-preview:-1\" \/>\n<meta property=\"og:locale\" content=\"de_DE\" \/>\n<meta property=\"og:type\" content=\"article\" \/>\n<meta property=\"og:title\" content=\"Links - Kagyu M\u00f6nlam \u00e0 Dhagpo Kundreul Ling\" \/>\n<meta property=\"og:description\" content=\"karmapa.org Eine von Thaye Dorje, dem 17. Karmapa, gegr\u00fcndete gemeinn\u00fctzige Stiftung sabassociation.orgdhagpo.orgdhagpo-kundreul.org\" \/>\n<meta property=\"og:url\" content=\"https:\/\/devkm07102025.dhagpo-sandbox.org\/liens\/\" \/>\n<meta property=\"og:site_name\" content=\"Kagyu M\u00f6nlam \u00e0 Dhagpo Kundreul Ling\" \/>\n<meta property=\"article:modified_time\" content=\"2024-11-13T17:52:01+00:00\" \/>\n<meta name=\"twitter:card\" content=\"summary_large_image\" \/>\n<meta name=\"twitter:label1\" content=\"Gesch\u00e4tzte Lesezeit\" \/>\n\t<meta name=\"twitter:data1\" content=\"5\u00a0Minuten\" \/>\n<script type=\"application\/ld+json\" class=\"yoast-schema-graph\">{\"@context\":\"https:\/\/schema.org\",\"@graph\":[{\"@type\":\"WebPage\",\"@id\":\"https:\/\/devkm07102025.dhagpo-sandbox.org\/liens\/\",\"url\":\"https:\/\/devkm07102025.dhagpo-sandbox.org\/liens\/\",\"name\":\"Links - Kagyu M\u00f6nlam \u00e0 Dhagpo Kundreul Ling\",\"isPartOf\":{\"@id\":\"https:\/\/devkm07102025.dhagpo-sandbox.org\/#website\"},\"datePublished\":\"2021-11-14T09:17:58+00:00\",\"dateModified\":\"2024-11-13T17:52:01+00:00\",\"breadcrumb\":{\"@id\":\"https:\/\/devkm07102025.dhagpo-sandbox.org\/liens\/#breadcrumb\"},\"inLanguage\":\"de\",\"potentialAction\":[{\"@type\":\"ReadAction\",\"target\":[\"https:\/\/devkm07102025.dhagpo-sandbox.org\/liens\/\"]}]},{\"@type\":\"BreadcrumbList\",\"@id\":\"https:\/\/devkm07102025.dhagpo-sandbox.org\/liens\/#breadcrumb\",\"itemListElement\":[{\"@type\":\"ListItem\",\"position\":1,\"name\":\"Accueil\",\"item\":\"https:\/\/devkm07102025.dhagpo-sandbox.org\/de\/kagyue-moenlam\/\"},{\"@type\":\"ListItem\",\"position\":2,\"name\":\"Links\"}]},{\"@type\":\"WebSite\",\"@id\":\"https:\/\/devkm07102025.dhagpo-sandbox.org\/#website\",\"url\":\"https:\/\/devkm07102025.dhagpo-sandbox.org\/\",\"name\":\"Kagyu M\u00f6nlam \u00e0 Dhagpo Kundreul Ling\",\"description\":\"Une grande accumulation de souhaits pour le bonheur des \u00eatres\",\"potentialAction\":[{\"@type\":\"SearchAction\",\"target\":{\"@type\":\"EntryPoint\",\"urlTemplate\":\"https:\/\/devkm07102025.dhagpo-sandbox.org\/?s={search_term_string}\"},\"query-input\":{\"@type\":\"PropertyValueSpecification\",\"valueRequired\":true,\"valueName\":\"search_term_string\"}}],\"inLanguage\":\"de\"}]}<\/script>\n<!-- \/ Yoast SEO plugin. -->","yoast_head_json":{"title":"Links - Kagyu M\u00f6nlam \u00e0 Dhagpo Kundreul Ling","robots":{"index":"noindex","follow":"follow","max-snippet":"max-snippet:-1","max-image-preview":"max-image-preview:large","max-video-preview":"max-video-preview:-1"},"og_locale":"de_DE","og_type":"article","og_title":"Links - Kagyu M\u00f6nlam \u00e0 Dhagpo Kundreul Ling","og_description":"karmapa.org Eine von Thaye Dorje, dem 17. Karmapa, gegr\u00fcndete gemeinn\u00fctzige Stiftung sabassociation.orgdhagpo.orgdhagpo-kundreul.org","og_url":"https:\/\/devkm07102025.dhagpo-sandbox.org\/liens\/","og_site_name":"Kagyu M\u00f6nlam \u00e0 Dhagpo Kundreul Ling","article_modified_time":"2024-11-13T17:52:01+00:00","twitter_card":"summary_large_image","twitter_misc":{"Gesch\u00e4tzte Lesezeit":"5\u00a0Minuten"},"schema":{"@context":"https:\/\/schema.org","@graph":[{"@type":"WebPage","@id":"https:\/\/devkm07102025.dhagpo-sandbox.org\/liens\/","url":"https:\/\/devkm07102025.dhagpo-sandbox.org\/liens\/","name":"Links - Kagyu M\u00f6nlam \u00e0 Dhagpo Kundreul Ling","isPartOf":{"@id":"https:\/\/devkm07102025.dhagpo-sandbox.org\/#website"},"datePublished":"2021-11-14T09:17:58+00:00","dateModified":"2024-11-13T17:52:01+00:00","breadcrumb":{"@id":"https:\/\/devkm07102025.dhagpo-sandbox.org\/liens\/#breadcrumb"},"inLanguage":"de","potentialAction":[{"@type":"ReadAction","target":["https:\/\/devkm07102025.dhagpo-sandbox.org\/liens\/"]}]},{"@type":"BreadcrumbList","@id":"https:\/\/devkm07102025.dhagpo-sandbox.org\/liens\/#breadcrumb","itemListElement":[{"@type":"ListItem","position":1,"name":"Accueil","item":"https:\/\/devkm07102025.dhagpo-sandbox.org\/de\/kagyue-moenlam\/"},{"@type":"ListItem","position":2,"name":"Links"}]},{"@type":"WebSite","@id":"https:\/\/devkm07102025.dhagpo-sandbox.org\/#website","url":"https:\/\/devkm07102025.dhagpo-sandbox.org\/","name":"Kagyu M\u00f6nlam \u00e0 Dhagpo Kundreul Ling","description":"Une grande accumulation de souhaits pour le bonheur des \u00eatres","potentialAction":[{"@type":"SearchAction","target":{"@type":"EntryPoint","urlTemplate":"https:\/\/devkm07102025.dhagpo-sandbox.org\/?s={search_term_string}"},"query-input":{"@type":"PropertyValueSpecification","valueRequired":true,"valueName":"search_term_string"}}],"inLanguage":"de"}]}},"_links":{"self":[{"href":"https:\/\/devkm07102025.dhagpo-sandbox.org\/de\/wp-json\/wp\/v2\/pages\/6909","targetHints":{"allow":["GET"]}}],"collection":[{"href":"https:\/\/devkm07102025.dhagpo-sandbox.org\/de\/wp-json\/wp\/v2\/pages"}],"about":[{"href":"https:\/\/devkm07102025.dhagpo-sandbox.org\/de\/wp-json\/wp\/v2\/types\/page"}],"author":[{"embeddable":true,"href":"https:\/\/devkm07102025.dhagpo-sandbox.org\/de\/wp-json\/wp\/v2\/users\/2"}],"replies":[{"embeddable":true,"href":"https:\/\/devkm07102025.dhagpo-sandbox.org\/de\/wp-json\/wp\/v2\/comments?post=6909"}],"version-history":[{"count":6,"href":"https:\/\/devkm07102025.dhagpo-sandbox.org\/de\/wp-json\/wp\/v2\/pages\/6909\/revisions"}],"predecessor-version":[{"id":8614,"href":"https:\/\/devkm07102025.dhagpo-sandbox.org\/de\/wp-json\/wp\/v2\/pages\/6909\/revisions\/8614"}],"wp:attachment":[{"href":"https:\/\/devkm07102025.dhagpo-sandbox.org\/de\/wp-json\/wp\/v2\/media?parent=6909"}],"curies":[{"name":"wp","href":"https:\/\/api.w.org\/{rel}","templated":true}]}}