{"id":5839,"date":"2021-11-19T11:28:00","date_gmt":"2021-11-19T10:28:00","guid":{"rendered":"https:\/\/devkm07102025.dhagpo-sandbox.org\/kagyu-monlam-2020\/"},"modified":"2023-11-08T18:57:09","modified_gmt":"2023-11-08T17:57:09","slug":"kagyu-monlam-2020","status":"publish","type":"page","link":"https:\/\/devkm07102025.dhagpo-sandbox.org\/en\/kagyu-monlam-2020\/","title":{"rendered":"Kagyu Monlam 2020"},"content":{"rendered":"<p>[et_pb_section fb_built=&#8221;1&#8243; _builder_version=&#8221;4.23.1&#8243; _module_preset=&#8221;default&#8221; background_enable_color=&#8221;off&#8221; background_image=&#8221;https:\/\/devkm07102025.dhagpo-sandbox.org\/wp-content\/uploads\/2023\/11\/KM2020-V3-scaled.jpg&#8221; custom_padding=&#8221;8px||8px||false|false&#8221; hover_enabled=&#8221;0&#8243; locked=&#8221;off&#8221; global_colors_info=&#8221;{}&#8221; theme_builder_area=&#8221;post_content&#8221; title_text=&#8221;KM2020-V3&#8243; sticky_enabled=&#8221;0&#8243;][et_pb_row _builder_version=&#8221;4.16&#8243; _module_preset=&#8221;default&#8221; width=&#8221;85%&#8221; max_width=&#8221;100%&#8221; custom_margin=&#8221;3px|auto|11px|auto||&#8221; custom_padding=&#8221;17px||342px|||&#8221; global_colors_info=&#8221;{}&#8221; theme_builder_area=&#8221;post_content&#8221;][et_pb_column type=&#8221;4_4&#8243; _builder_version=&#8221;4.16&#8243; _module_preset=&#8221;default&#8221; global_colors_info=&#8221;{}&#8221; theme_builder_area=&#8221;post_content&#8221;][\/et_pb_column][\/et_pb_row][\/et_pb_section][et_pb_section fb_built=&#8221;1&#8243; _builder_version=&#8221;4.16&#8243; _module_preset=&#8221;default&#8221; custom_margin=&#8221;0px||0px||false|false&#8221; custom_padding=&#8221;0px||0px||false|false&#8221; global_colors_info=&#8221;{}&#8221; theme_builder_area=&#8221;post_content&#8221;][et_pb_row _builder_version=&#8221;4.16&#8243; _module_preset=&#8221;default&#8221; width=&#8221;90%&#8221; max_width=&#8221;100%&#8221; custom_padding=&#8221;5px||5px||false|false&#8221; global_colors_info=&#8221;{}&#8221; theme_builder_area=&#8221;post_content&#8221;][et_pb_column type=&#8221;4_4&#8243; _builder_version=&#8221;4.16&#8243; _module_preset=&#8221;default&#8221; global_colors_info=&#8221;{}&#8221; theme_builder_area=&#8221;post_content&#8221;][et_pb_button button_url=&#8221;https:\/\/www.karmapa.org\/kagyu-monlam-2020-impressions-photos\/&#8221; url_new_window=&#8221;on&#8221; button_text=&#8221;Photos available on the Karmapa website&#8221; button_alignment=&#8221;right&#8221; _builder_version=&#8221;4.16&#8243; _module_preset=&#8221;default&#8221; custom_button=&#8221;on&#8221; button_text_size=&#8221;14px&#8221; button_border_width=&#8221;0px&#8221; button_border_color=&#8221;#8B2331&#8243; custom_margin=&#8221;0px|0px|0px|0px|false|false&#8221; custom_padding=&#8221;0px|0px|0px|0px|false|false&#8221; global_colors_info=&#8221;{}&#8221; theme_builder_area=&#8221;post_content&#8221;][\/et_pb_button][\/et_pb_column][\/et_pb_row][\/et_pb_section][et_pb_section fb_built=&#8221;1&#8243; _builder_version=&#8221;4.16&#8243; _module_preset=&#8221;default&#8221; custom_padding=&#8221;6px|||||&#8221; global_colors_info=&#8221;{}&#8221; theme_builder_area=&#8221;post_content&#8221;][et_pb_row _builder_version=&#8221;4.18.1&#8243; _module_preset=&#8221;default&#8221; width_tablet=&#8221;80%&#8221; width_phone=&#8221;80%&#8221; width_last_edited=&#8221;off|desktop&#8221; custom_margin=&#8221;-2px|auto||auto||&#8221; custom_padding=&#8221;17px||0px|||&#8221; locked=&#8221;off&#8221; global_colors_info=&#8221;{}&#8221; theme_builder_area=&#8221;post_content&#8221;][et_pb_column type=&#8221;4_4&#8243; _builder_version=&#8221;4.16&#8243; _module_preset=&#8221;default&#8221; global_colors_info=&#8221;{}&#8221; theme_builder_area=&#8221;post_content&#8221;][et_pb_text admin_label=&#8221;Infos pratiques&#8221; module_id=&#8221;revoir-KM2020&#8243; _builder_version=&#8221;4.16&#8243; _module_preset=&#8221;default&#8221; header_2_font=&#8221;|300|||||||&#8221; header_2_font_size=&#8221;24px&#8221; header_2_line_height=&#8221;1.3em&#8221; background_color=&#8221;#F4F4F4&#8243; width=&#8221;70%&#8221; width_tablet=&#8221;100%&#8221; width_phone=&#8221;100%&#8221; width_last_edited=&#8221;on|phone&#8221; custom_margin=&#8221;||11px|||&#8221; custom_padding=&#8221;6px|15px|0px|20px|false|false&#8221; border_width_left=&#8221;1px&#8221; border_color_left=&#8221;#AF7038&#8243; global_colors_info=&#8221;{}&#8221; theme_builder_area=&#8221;post_content&#8221;]<\/p>\n<h2>Experience again the 2020 Kagyu Monlam in image<\/h2>\n<p>[\/et_pb_text][et_pb_gallery gallery_ids=&#8221;6677,6674,6671,6668,6665,6662,6659,6656,6653,6650,6647,6644,6641,6638,6635,6632,6629,6626,6623&#8243; show_title_and_caption=&#8221;off&#8221; _builder_version=&#8221;4.23&#8243; _module_preset=&#8221;default&#8221; custom_margin=&#8221;51px||||false|false&#8221; global_colors_info=&#8221;{}&#8221; theme_builder_area=&#8221;post_content&#8221;][\/et_pb_gallery][et_pb_gallery gallery_ids=&#8221;1384,1381,1399,957,963,1363,954,1405,1402,1366,1396,1393,1387,1378,1372,1369,1390,966,1375&#8243; show_title_and_caption=&#8221;off&#8221; _builder_version=&#8221;4.16&#8243; _module_preset=&#8221;default&#8221; custom_margin=&#8221;51px|||||&#8221; custom_padding=&#8221;||0px|||&#8221; global_colors_info=&#8221;{}&#8221; theme_builder_area=&#8221;post_content&#8221;][\/et_pb_gallery][\/et_pb_column][\/et_pb_row][et_pb_row column_structure=&#8221;2_3,1_3&#8243; _builder_version=&#8221;4.18.1&#8243; _module_preset=&#8221;default&#8221; width_tablet=&#8221;80%&#8221; width_phone=&#8221;80%&#8221; width_last_edited=&#8221;off|desktop&#8221; custom_margin=&#8221;20px|auto|40px|auto||&#8221; custom_padding=&#8221;5px||18px|||&#8221; locked=&#8221;off&#8221; global_colors_info=&#8221;{}&#8221; theme_builder_area=&#8221;post_content&#8221;][et_pb_column type=&#8221;2_3&#8243; _builder_version=&#8221;4.16&#8243; _module_preset=&#8221;default&#8221; global_colors_info=&#8221;{}&#8221; theme_builder_area=&#8221;post_content&#8221;][et_pb_code raw_content_tablet=&#8221;<iframe src=%22https:\/\/www.facebook.com\/plugins\/video.php?height=314&#038;href=https%3A%2F%2Fwww.facebook.com%2FDhagpoKundreulLing%2Fvideos%2F822976108260782%2F&#038;show_text=true&#038;width=560&#038;t=0%22 width=%22650%22 height=%22500%22 style=%22border:none;overflow:hidden%22 scrolling=%22no%22 frameborder=%220%22 allowfullscreen=%22true%22 allow=%22autoplay; clipboard-write; encrypted-media; picture-in-picture; web-share%22 allowFullScreen=%22true%22><\/iframe>&#8221; raw_content_phone=&#8221;<iframe src=%22https:\/\/www.facebook.com\/plugins\/video.php?height=314&#038;href=https%3A%2F%2Fwww.facebook.com%2FDhagpoKundreulLing%2Fvideos%2F822976108260782%2F&#038;show_text=true&#038;width=560&#038;t=0%22 width=%22650%22 height=%22350%22 style=%22border:none;overflow:hidden%22 scrolling=%22no%22 frameborder=%220%22 allowfullscreen=%22true%22 allow=%22autoplay; clipboard-write; encrypted-media; picture-in-picture; web-share%22 allowFullScreen=%22true%22><\/iframe>&#8221; raw_content_last_edited=&#8221;off|desktop&#8221; _builder_version=&#8221;4.16&#8243; _module_preset=&#8221;default&#8221; module_alignment=&#8221;center&#8221; global_colors_info=&#8221;{}&#8221; theme_builder_area=&#8221;post_content&#8221;]<\/p>\n<div class=\"facebook-responsive\"><!-- [et_pb_line_break_holder] --><iframe loading=\"lazy\" src=\"https:\/\/www.facebook.com\/plugins\/video.php?height=314&amp;href=https%3A%2F%2Fwww.facebook.com%2FDhagpoKundreulLing%2Fvideos%2F822976108260782%2F&amp;show_text=false&amp;width=560&amp;t=0\" width=\"560\" height=\"314\" style=\"border:none;overflow:hidden\" scrolling=\"no\" frameborder=\"0\" allowfullscreen=\"true\" allow=\"autoplay; clipboard-write; encrypted-media; picture-in-picture; web-share\"><\/iframe><!-- [et_pb_line_break_holder] --><\/div>\n<p>[\/et_pb_code][\/et_pb_column][et_pb_column type=&#8221;1_3&#8243; _builder_version=&#8221;4.16&#8243; _module_preset=&#8221;default&#8221; global_colors_info=&#8221;{}&#8221; theme_builder_area=&#8221;post_content&#8221;][et_pb_blurb use_icon=&#8221;on&#8221; font_icon=&#8221;&#xf09a;||fa||400&#8243; _builder_version=&#8221;4.23&#8243; _module_preset=&#8221;e68d44f1-2908-463c-b01c-b58b9fa5a72a&#8221; global_colors_info=&#8221;{}&#8221; theme_builder_area=&#8221;post_content&#8221;]<\/p>\n<p><a href=\"https:\/\/www.facebook.com\/media\/set\/?set=a.195014008999450&amp;type=3\" target=\"_blank\" rel=\"noopener\">See more videos on our YouTube channel<\/a><\/p>\n<p>[\/et_pb_blurb][et_pb_blurb use_icon=&#8221;on&#8221; font_icon=&#8221;&#xf167;||fa||400&#8243; _builder_version=&#8221;4.23&#8243; _module_preset=&#8221;e68d44f1-2908-463c-b01c-b58b9fa5a72a&#8221; global_colors_info=&#8221;{}&#8221; theme_builder_area=&#8221;post_content&#8221;]<\/p>\n<p><a href=\"https:\/\/www.youtube.com\/channel\/UC9aqpfEthse7968kEeNkqdQ\/videos\" target=\"_blank\" rel=\"noopener\">See more videos on our YouTube channel<\/a><\/p>\n<p>[\/et_pb_blurb][\/et_pb_column][\/et_pb_row][et_pb_row _builder_version=&#8221;4.18.1&#8243; _module_preset=&#8221;default&#8221; width_tablet=&#8221;80%&#8221; width_phone=&#8221;80%&#8221; width_last_edited=&#8221;off|desktop&#8221; custom_margin=&#8221;20px|auto||auto||&#8221; custom_padding=&#8221;5px||18px|||&#8221; locked=&#8221;off&#8221; global_colors_info=&#8221;{}&#8221; theme_builder_area=&#8221;post_content&#8221;][et_pb_column type=&#8221;4_4&#8243; _builder_version=&#8221;4.16&#8243; _module_preset=&#8221;default&#8221; global_colors_info=&#8221;{}&#8221; theme_builder_area=&#8221;post_content&#8221;][et_pb_text _builder_version=&#8221;4.18.1&#8243; _module_preset=&#8221;default&#8221; global_colors_info=&#8221;{}&#8221; theme_builder_area=&#8221;post_content&#8221;]<\/p>\n<p><span style=\"font-weight: 400;\">The 2020 Kagyu Monlam gathered thousands of people throughout the world despite the conditions due to the pandemic. The practitioners connected to <span>Thaye Dorje, His Holiness the 17<sup>th<\/sup> Gyalwa Karmapa<\/span>\u2019s sangha in Rumtek to recite these precious prayers of aspiration. Karmapa made a point to thank them, as well as all the people who contributed to the unfolding and broadcasting of the event.<\/span><\/p>\n<p>[\/et_pb_text][\/et_pb_column][\/et_pb_row][et_pb_row column_structure=&#8221;3_4,1_4&#8243; _builder_version=&#8221;4.18.1&#8243; _module_preset=&#8221;default&#8221; width_tablet=&#8221;80%&#8221; width_phone=&#8221;80%&#8221; width_last_edited=&#8221;off|desktop&#8221; custom_margin=&#8221;20px|auto||auto||&#8221; custom_padding=&#8221;5px||18px|||&#8221; locked=&#8221;off&#8221; global_colors_info=&#8221;{}&#8221; theme_builder_area=&#8221;post_content&#8221;][et_pb_column type=&#8221;3_4&#8243; _builder_version=&#8221;4.16&#8243; _module_preset=&#8221;default&#8221; global_colors_info=&#8221;{}&#8221; theme_builder_area=&#8221;post_content&#8221;][et_pb_text _builder_version=&#8221;4.16&#8243; _module_preset=&#8221;default&#8221; background_color=&#8221;rgba(139,35,49,0.1)&#8221; custom_padding=&#8221;20px|28px|20px|28px|false|true&#8221; border_width_left=&#8221;6px&#8221; border_color_left=&#8221;#8B2331&#8243; global_colors_info=&#8221;{}&#8221; theme_builder_area=&#8221;post_content&#8221;]<\/p>\n<p><span><i class=\"fas fa-quote-left fa-lg\" style=\"color: #8b2331; padding-right: 10px;\"><\/i> Dear dharma friends<\/span><\/p>\n<p><span>It is with great joy and appreciation that I write to you following the successful completion of the 2020 Kagyu Monlam, the 18th gathering since its initiation in our time by the late His Holiness 14th Kunzig Shamar Rinpoche in 1994.<\/span><\/p>\n<p><span>Due to the dedication and efforts of our venerable Sanghas, our Rinpoches, lamas, monks, nuns, lay practitioners, volunteers and sponsors, as well as the blessings of the Buddhas and Bodhisattvas, we were able to safely host numerous Monlam and stream them directly to students\u2019 homes around the world.<\/span><\/p>\n<p><span>I would like to take this opportunity to personally thank those directly involved in streaming these limitless aspirations, prayers and dedications for the benefit of all sentient beings:<\/span><\/p>\n<ul>\n<li style=\"list-style-type: none;\">\n<ul>\n<li><span>Khenpo Lekshey<\/span><\/li>\n<li><span>Tshering Dorje<\/span><\/li>\n<li><span>Daniel Lin<\/span><\/li>\n<li><span>Magda Jungowska<\/span><\/li>\n<li><span>Stephan Grallert<\/span><\/li>\n<li><span>Knut Jelden<\/span><\/li>\n<li><span>Philipp Mohrenweiser<\/span><\/li>\n<li><span>Paul Partington<\/span><\/li>\n<li><span>The many technicians, volunteers, photographers and others working in the background<\/span><\/li>\n<\/ul>\n<\/li>\n<\/ul>\n<p><span>Apparently, more than 1.4 million minutes of prayers were listened to on Facebook over the course of the Monlam. Every second of every minute will benefit sentient beings.<\/span><\/p>\n<p><span>Therefore, I would like to also offer my heartfelt thanks to all of you, dear dharma friends, for your participation and continued practice.<\/span><\/p>\n<p><span>Students can listen again to the Monlam prayers on <\/span><a href=\"https:\/\/www.karmapa.org\/live-stream-kagyu-monlam-2020\/\"><span>the streaming page<\/span><\/a><span>.<\/span><\/p>\n<p><span>I hope the following photos give a small impression of the Kagyu Monlam 2020, as it was experienced around the world.<\/span><\/p>\n<p><span>With prayers<\/span><\/p>\n<p><span>Thaye Dorje<\/span><\/p>\n<p><span>His Holiness the 17th Gyalwa Karmapa<\/span><\/p>\n<p>[\/et_pb_text][\/et_pb_column][et_pb_column type=&#8221;1_4&#8243; _builder_version=&#8221;4.16&#8243; _module_preset=&#8221;default&#8221; global_colors_info=&#8221;{}&#8221; theme_builder_area=&#8221;post_content&#8221;][et_pb_gallery gallery_ids=&#8221;1417,1440,1451,1455&#8243; show_title_and_caption=&#8221;off&#8221; _builder_version=&#8221;4.16&#8243; _module_preset=&#8221;default&#8221; custom_margin=&#8221;||1px|||&#8221; global_colors_info=&#8221;{}&#8221; theme_builder_area=&#8221;post_content&#8221;][\/et_pb_gallery][et_pb_gallery gallery_ids=&#8221;5957,6050,5966,6044&#8243; show_title_and_caption=&#8221;off&#8221; _builder_version=&#8221;4.23&#8243; _module_preset=&#8221;default&#8221; custom_margin=&#8221;||1px||false|false&#8221; global_colors_info=&#8221;{}&#8221; theme_builder_area=&#8221;post_content&#8221;][\/et_pb_gallery][et_pb_button button_url=&#8221;https:\/\/www.karmapa.org\/kagyu-monlam-2020-impressions-photos\/&#8221; url_new_window=&#8221;on&#8221; button_text=&#8221;See more videos on the Karmapa website&#8221; button_alignment=&#8221;center&#8221; _builder_version=&#8221;4.16&#8243; _module_preset=&#8221;default&#8221; custom_button=&#8221;on&#8221; button_border_width=&#8221;1px&#8221; button_border_color=&#8221;#8B2331&#8243; custom_margin=&#8221;||-17px|||&#8221; custom_padding=&#8221;||||false|false&#8221; global_colors_info=&#8221;{}&#8221; theme_builder_area=&#8221;post_content&#8221;][\/et_pb_button][\/et_pb_column][\/et_pb_row][\/et_pb_section]<\/p>\n","protected":false},"excerpt":{"rendered":"<p>Experience again the 2020 Kagyu Monlam in imageSee more videos on our YouTube channelSee more videos on our YouTube channelThe 2020 Kagyu Monlam gathered thousands of people throughout the world despite the conditions due to the pandemic. The practitioners connected to Thaye Dorje, His Holiness the 17th Gyalwa Karmapa\u2019s sangha in Rumtek to recite these [&hellip;]<\/p>\n","protected":false},"author":2,"featured_media":0,"parent":0,"menu_order":0,"comment_status":"closed","ping_status":"closed","template":"","meta":{"_et_pb_use_builder":"on","_et_pb_old_content":"","_et_gb_content_width":"","footnotes":""},"class_list":["post-5839","page","type-page","status-publish","hentry"],"yoast_head":"<!-- This site is optimized with the Yoast SEO plugin v26.1.1 - https:\/\/yoast.com\/wordpress\/plugins\/seo\/ -->\n<title>Kagyu Monlam 2020 - Kagyu M\u00f6nlam \u00e0 Dhagpo Kundreul Ling<\/title>\n<meta name=\"robots\" content=\"noindex, follow, max-snippet:-1, max-image-preview:large, max-video-preview:-1\" \/>\n<meta property=\"og:locale\" content=\"en_US\" \/>\n<meta property=\"og:type\" content=\"article\" \/>\n<meta property=\"og:title\" content=\"Kagyu Monlam 2020 - Kagyu M\u00f6nlam \u00e0 Dhagpo Kundreul Ling\" \/>\n<meta property=\"og:description\" content=\"Experience again the 2020 Kagyu Monlam in imageSee more videos on our YouTube channelSee more videos on our YouTube channelThe 2020 Kagyu Monlam gathered thousands of people throughout the world despite the conditions due to the pandemic. The practitioners connected to Thaye Dorje, His Holiness the 17th Gyalwa Karmapa\u2019s sangha in Rumtek to recite these [&hellip;]\" \/>\n<meta property=\"og:url\" content=\"https:\/\/devkm07102025.dhagpo-sandbox.org\/en\/kagyu-monlam-2020\/\" \/>\n<meta property=\"og:site_name\" content=\"Kagyu M\u00f6nlam \u00e0 Dhagpo Kundreul Ling\" \/>\n<meta property=\"article:modified_time\" content=\"2023-11-08T17:57:09+00:00\" \/>\n<meta name=\"twitter:card\" content=\"summary_large_image\" \/>\n<meta name=\"twitter:label1\" content=\"Est. reading time\" \/>\n\t<meta name=\"twitter:data1\" content=\"7 minutes\" \/>\n<script type=\"application\/ld+json\" class=\"yoast-schema-graph\">{\"@context\":\"https:\/\/schema.org\",\"@graph\":[{\"@type\":\"WebPage\",\"@id\":\"https:\/\/devkm07102025.dhagpo-sandbox.org\/en\/kagyu-monlam-2020\/\",\"url\":\"https:\/\/devkm07102025.dhagpo-sandbox.org\/en\/kagyu-monlam-2020\/\",\"name\":\"Kagyu Monlam 2020 - Kagyu M\u00f6nlam \u00e0 Dhagpo Kundreul Ling\",\"isPartOf\":{\"@id\":\"https:\/\/devkm07102025.dhagpo-sandbox.org\/#website\"},\"datePublished\":\"2021-11-19T10:28:00+00:00\",\"dateModified\":\"2023-11-08T17:57:09+00:00\",\"breadcrumb\":{\"@id\":\"https:\/\/devkm07102025.dhagpo-sandbox.org\/en\/kagyu-monlam-2020\/#breadcrumb\"},\"inLanguage\":\"en-US\",\"potentialAction\":[{\"@type\":\"ReadAction\",\"target\":[\"https:\/\/devkm07102025.dhagpo-sandbox.org\/en\/kagyu-monlam-2020\/\"]}]},{\"@type\":\"BreadcrumbList\",\"@id\":\"https:\/\/devkm07102025.dhagpo-sandbox.org\/en\/kagyu-monlam-2020\/#breadcrumb\",\"itemListElement\":[{\"@type\":\"ListItem\",\"position\":1,\"name\":\"Accueil\",\"item\":\"https:\/\/devkm07102025.dhagpo-sandbox.org\/en\/kagyu-monlam\/\"},{\"@type\":\"ListItem\",\"position\":2,\"name\":\"Kagyu Monlam 2020\"}]},{\"@type\":\"WebSite\",\"@id\":\"https:\/\/devkm07102025.dhagpo-sandbox.org\/#website\",\"url\":\"https:\/\/devkm07102025.dhagpo-sandbox.org\/\",\"name\":\"Kagyu M\u00f6nlam \u00e0 Dhagpo Kundreul Ling\",\"description\":\"Une grande accumulation de souhaits pour le bonheur des \u00eatres\",\"potentialAction\":[{\"@type\":\"SearchAction\",\"target\":{\"@type\":\"EntryPoint\",\"urlTemplate\":\"https:\/\/devkm07102025.dhagpo-sandbox.org\/?s={search_term_string}\"},\"query-input\":{\"@type\":\"PropertyValueSpecification\",\"valueRequired\":true,\"valueName\":\"search_term_string\"}}],\"inLanguage\":\"en-US\"}]}<\/script>\n<!-- \/ Yoast SEO plugin. -->","yoast_head_json":{"title":"Kagyu Monlam 2020 - Kagyu M\u00f6nlam \u00e0 Dhagpo Kundreul Ling","robots":{"index":"noindex","follow":"follow","max-snippet":"max-snippet:-1","max-image-preview":"max-image-preview:large","max-video-preview":"max-video-preview:-1"},"og_locale":"en_US","og_type":"article","og_title":"Kagyu Monlam 2020 - Kagyu M\u00f6nlam \u00e0 Dhagpo Kundreul Ling","og_description":"Experience again the 2020 Kagyu Monlam in imageSee more videos on our YouTube channelSee more videos on our YouTube channelThe 2020 Kagyu Monlam gathered thousands of people throughout the world despite the conditions due to the pandemic. The practitioners connected to Thaye Dorje, His Holiness the 17th Gyalwa Karmapa\u2019s sangha in Rumtek to recite these [&hellip;]","og_url":"https:\/\/devkm07102025.dhagpo-sandbox.org\/en\/kagyu-monlam-2020\/","og_site_name":"Kagyu M\u00f6nlam \u00e0 Dhagpo Kundreul Ling","article_modified_time":"2023-11-08T17:57:09+00:00","twitter_card":"summary_large_image","twitter_misc":{"Est. reading time":"7 minutes"},"schema":{"@context":"https:\/\/schema.org","@graph":[{"@type":"WebPage","@id":"https:\/\/devkm07102025.dhagpo-sandbox.org\/en\/kagyu-monlam-2020\/","url":"https:\/\/devkm07102025.dhagpo-sandbox.org\/en\/kagyu-monlam-2020\/","name":"Kagyu Monlam 2020 - Kagyu M\u00f6nlam \u00e0 Dhagpo Kundreul Ling","isPartOf":{"@id":"https:\/\/devkm07102025.dhagpo-sandbox.org\/#website"},"datePublished":"2021-11-19T10:28:00+00:00","dateModified":"2023-11-08T17:57:09+00:00","breadcrumb":{"@id":"https:\/\/devkm07102025.dhagpo-sandbox.org\/en\/kagyu-monlam-2020\/#breadcrumb"},"inLanguage":"en-US","potentialAction":[{"@type":"ReadAction","target":["https:\/\/devkm07102025.dhagpo-sandbox.org\/en\/kagyu-monlam-2020\/"]}]},{"@type":"BreadcrumbList","@id":"https:\/\/devkm07102025.dhagpo-sandbox.org\/en\/kagyu-monlam-2020\/#breadcrumb","itemListElement":[{"@type":"ListItem","position":1,"name":"Accueil","item":"https:\/\/devkm07102025.dhagpo-sandbox.org\/en\/kagyu-monlam\/"},{"@type":"ListItem","position":2,"name":"Kagyu Monlam 2020"}]},{"@type":"WebSite","@id":"https:\/\/devkm07102025.dhagpo-sandbox.org\/#website","url":"https:\/\/devkm07102025.dhagpo-sandbox.org\/","name":"Kagyu M\u00f6nlam \u00e0 Dhagpo Kundreul Ling","description":"Une grande accumulation de souhaits pour le bonheur des \u00eatres","potentialAction":[{"@type":"SearchAction","target":{"@type":"EntryPoint","urlTemplate":"https:\/\/devkm07102025.dhagpo-sandbox.org\/?s={search_term_string}"},"query-input":{"@type":"PropertyValueSpecification","valueRequired":true,"valueName":"search_term_string"}}],"inLanguage":"en-US"}]}},"_links":{"self":[{"href":"https:\/\/devkm07102025.dhagpo-sandbox.org\/en\/wp-json\/wp\/v2\/pages\/5839","targetHints":{"allow":["GET"]}}],"collection":[{"href":"https:\/\/devkm07102025.dhagpo-sandbox.org\/en\/wp-json\/wp\/v2\/pages"}],"about":[{"href":"https:\/\/devkm07102025.dhagpo-sandbox.org\/en\/wp-json\/wp\/v2\/types\/page"}],"author":[{"embeddable":true,"href":"https:\/\/devkm07102025.dhagpo-sandbox.org\/en\/wp-json\/wp\/v2\/users\/2"}],"replies":[{"embeddable":true,"href":"https:\/\/devkm07102025.dhagpo-sandbox.org\/en\/wp-json\/wp\/v2\/comments?post=5839"}],"version-history":[{"count":24,"href":"https:\/\/devkm07102025.dhagpo-sandbox.org\/en\/wp-json\/wp\/v2\/pages\/5839\/revisions"}],"predecessor-version":[{"id":7380,"href":"https:\/\/devkm07102025.dhagpo-sandbox.org\/en\/wp-json\/wp\/v2\/pages\/5839\/revisions\/7380"}],"wp:attachment":[{"href":"https:\/\/devkm07102025.dhagpo-sandbox.org\/en\/wp-json\/wp\/v2\/media?parent=5839"}],"curies":[{"name":"wp","href":"https:\/\/api.w.org\/{rel}","templated":true}]}}